{"id":1314,"date":"2023-03-30T21:08:29","date_gmt":"2023-03-30T20:08:29","guid":{"rendered":"https:\/\/mkravne.si\/?page_id=1314"},"modified":"2024-09-30T18:56:17","modified_gmt":"2024-09-30T17:56:17","slug":"episarna","status":"publish","type":"page","link":"https:\/\/mkravne.si\/?page_id=1314","title":{"rendered":"E-PISARNA"},"content":{"rendered":"\n<div class=\"wp-block-columns is-layout-flex wp-container-core-columns-is-layout-28f84493 wp-block-columns-is-layout-flex\">\n<div class=\"wp-block-column is-layout-flow wp-block-column-is-layout-flow\" style=\"flex-basis:100%\">\n<div class=\"wp-block-media-text alignwide is-stacked-on-mobile\" style=\"grid-template-columns:32% auto\"><figure class=\"wp-block-media-text__media\"><img loading=\"lazy\" decoding=\"async\" width=\"300\" height=\"298\" src=\"https:\/\/mkravne.si\/wp-content\/uploads\/2023\/03\/logo.gif\" alt=\"\" class=\"wp-image-17 size-full\"\/><\/figure><div class=\"wp-block-media-text__content\">\n<div style=\"height:24px\" aria-hidden=\"true\" class=\"wp-block-spacer\"><\/div>\n\n\n\n<p>Naziv kluba: <strong>Moto klub Ravne<\/strong><br>Naziv kluba kraj\u0161e: <strong>MK Ravne<\/strong><\/p>\n\n\n\n<p>Sede\u017e: <strong>Ravne pri Zdolah 11a, 8272 Zdole, Slovenija<\/strong><br>Predsednik: <strong>Du\u0161an \u010cerneli\u010d<\/strong><\/p>\n\n\n\n<p>IBAN: <strong>SI56 6100 0002 8032 862<\/strong><br>dav\u010dna \u0161t.: <strong><strong>34278737<\/strong><\/strong><br>mati\u010dna \u0161t.: <strong><strong>4015606000<\/strong><\/strong><\/p>\n\n\n\n<p>t: +<strong>386 51 710 972<\/strong><br>e: <a href=\"mailto:dusancernelic@gmail.com\">dusancernelic@gmail.com<\/a><br>w: <a href=\"http:\\\\www.mkravne.si\">www.mkravne.si<\/a><\/p>\n<\/div><\/div>\n<\/div>\n<\/div>\n\n\n\n<div style=\"height:30px\" aria-hidden=\"true\" class=\"wp-block-spacer\"><\/div>\n\n\n\n<div class=\"wp-block-columns is-layout-flex wp-container-core-columns-is-layout-28f84493 wp-block-columns-is-layout-flex\">\n<div class=\"wp-block-column is-vertically-aligned-center is-layout-flow wp-block-column-is-layout-flow\" style=\"flex-basis:100%\">\n<div class=\"wp-block-buttons is-content-justification-center is-layout-flex wp-container-core-buttons-is-layout-a89b3969 wp-block-buttons-is-layout-flex\">\n<div class=\"wp-block-button has-custom-width wp-block-button__width-50 is-style-fill\"><a class=\"wp-block-button__link has-white-color has-cyan-bluish-gray-background-color has-text-color has-background wp-element-button\">\u010cLANI<\/a><\/div>\n\n\n\n<div class=\"wp-block-button has-custom-width wp-block-button__width-50 is-style-fill\"><a class=\"wp-block-button__link has-white-color has-text-color has-background wp-element-button\" href=\"https:\/\/mkravne.si\/wp-content\/uploads\/PISARNA\/statut.pdf\" style=\"background-color:#1151d3\" target=\"_blank\" rel=\"noreferrer noopener\">STATUT<\/a><\/div>\n\n\n\n<div class=\"wp-block-button has-custom-width wp-block-button__width-50 is-style-fill\"><a class=\"wp-block-button__link has-white-color has-text-color has-background wp-element-button\" href=\"https:\/\/mkravne.si\/wp-content\/uploads\/PISARNA\/pravilnik.pdf\" style=\"background-color:#1151d3\" target=\"_blank\" rel=\"noreferrer noopener\">PRAVILNIK<\/a><\/div>\n\n\n\n<div class=\"wp-block-button has-custom-width wp-block-button__width-50 is-style-outline is-style-outline--1\"><a class=\"wp-block-button__link has-white-color has-text-color has-background wp-element-button\" href=\"https:\/\/mkravne.si\/wp-content\/uploads\/PISARNA\/disciplinski_pravilnik.pdf\" style=\"background-color:#1151d3\" target=\"_blank\" rel=\"noreferrer noopener\">DISCIPLINKI PRAVILNIK<\/a><\/div>\n\n\n\n<div class=\"wp-block-button has-custom-width wp-block-button__width-50 is-style-fill\"><a class=\"wp-block-button__link has-white-color has-text-color has-background wp-element-button\" href=\"https:\/\/mkravne.si\/wp-content\/uploads\/Pogodba-donacija.pdf\" style=\"background-color:#1151d3\" target=\"_blank\" rel=\"noreferrer noopener\">POGODBA O DONACIJI<\/a><\/div>\n\n\n\n<div class=\"wp-block-button has-custom-width wp-block-button__width-50 is-style-fill\"><a class=\"wp-block-button__link has-white-color has-text-color has-background wp-element-button\" href=\"https:\/\/mkravne.si\/?page_id=1361\" style=\"background-color:#1151d3\" target=\"_blank\" rel=\"noreferrer noopener\">ZAPISNIKI<\/a><\/div>\n<\/div>\n<\/div>\n<\/div>\n\n\n\n<div style=\"height:50px\" aria-hidden=\"true\" class=\"wp-block-spacer\"><\/div>\n","protected":false},"excerpt":{"rendered":"<p>Naziv kluba: Moto klub RavneNaziv kluba kraj\u0161e: MK Ravne Sede\u017e: Ravne pri Zdolah 11a, 8272 Zdole, SlovenijaPredsednik: Du\u0161an \u010cerneli\u010d IBAN: SI56 6100 0002 8032 862dav\u010dna \u0161t.: 34278737mati\u010dna \u0161t.: 4015606000 t: +386 51 710 972e: dusancernelic@gmail.comw: www.mkravne.si<\/p>\n","protected":false},"author":1,"featured_media":0,"parent":0,"menu_order":0,"comment_status":"closed","ping_status":"closed","template":"","meta":{"footnotes":""},"class_list":["post-1314","page","type-page","status-publish","hentry"],"_links":{"self":[{"href":"https:\/\/mkravne.si\/index.php?rest_route=\/wp\/v2\/pages\/1314","targetHints":{"allow":["GET"]}}],"collection":[{"href":"https:\/\/mkravne.si\/index.php?rest_route=\/wp\/v2\/pages"}],"about":[{"href":"https:\/\/mkravne.si\/index.php?rest_route=\/wp\/v2\/types\/page"}],"author":[{"embeddable":true,"href":"https:\/\/mkravne.si\/index.php?rest_route=\/wp\/v2\/users\/1"}],"replies":[{"embeddable":true,"href":"https:\/\/mkravne.si\/index.php?rest_route=%2Fwp%2Fv2%2Fcomments&post=1314"}],"version-history":[{"count":69,"href":"https:\/\/mkravne.si\/index.php?rest_route=\/wp\/v2\/pages\/1314\/revisions"}],"predecessor-version":[{"id":2543,"href":"https:\/\/mkravne.si\/index.php?rest_route=\/wp\/v2\/pages\/1314\/revisions\/2543"}],"wp:attachment":[{"href":"https:\/\/mkravne.si\/index.php?rest_route=%2Fwp%2Fv2%2Fmedia&parent=1314"}],"curies":[{"name":"wp","href":"https:\/\/api.w.org\/{rel}","templated":true}]}}