{"id":1431,"date":"2023-03-31T00:23:17","date_gmt":"2023-03-30T23:23:17","guid":{"rendered":"https:\/\/mkravne.si\/?page_id=1431"},"modified":"2023-03-31T01:16:55","modified_gmt":"2023-03-31T00:16:55","slug":"potovalna-oprema","status":"publish","type":"page","link":"https:\/\/mkravne.si\/?page_id=1431","title":{"rendered":"POTOVALNA OPREMA"},"content":{"rendered":"<div class=\"wp-block-image\">\n<figure class=\"aligncenter size-full\"><img loading=\"lazy\" decoding=\"async\" width=\"575\" height=\"438\" src=\"https:\/\/mkravne.si\/wp-content\/uploads\/web-Camping-Package.jpg\" alt=\"\" class=\"wp-image-1437\" srcset=\"https:\/\/mkravne.si\/wp-content\/uploads\/web-Camping-Package.jpg 575w, https:\/\/mkravne.si\/wp-content\/uploads\/web-Camping-Package-300x229.jpg 300w\" sizes=\"auto, (max-width: 575px) 100vw, 575px\" \/><\/figure>\n<\/div>\n\n\n<div style=\"height:30px\" aria-hidden=\"true\" class=\"wp-block-spacer\"><\/div>\n\n\n\n<h4 class=\"wp-block-heading\">Dokumenti<\/h4>\n\n\n\n<ul class=\"wp-block-list\">\n<li>prometno dovoljenje<\/li>\n\n\n\n<li>servisna knji\u017eica<\/li>\n\n\n\n<li>vozni\u0161ko dovoljenje<\/li>\n\n\n\n<li>zdravstveno zavarovanje<\/li>\n\n\n\n<li>pla\u010dilne kartice<\/li>\n\n\n\n<li>vozovnice (trajekt&#8230;)<\/li>\n<\/ul>\n\n\n\n<h4 class=\"wp-block-heading\">Dokumenti za tujino<\/h4>\n\n\n\n<ul class=\"wp-block-list\">\n<li>viza (\u010de je potrebna)<\/li>\n\n\n\n<li>potni list<\/li>\n\n\n\n<li>homologacija motorja &#8211; za tujino<\/li>\n<\/ul>\n\n\n\n<h4 class=\"wp-block-heading\">Oprema za motor<\/h4>\n\n\n\n<ul class=\"wp-block-list\">\n<li>nujno orodje + \u017eica<\/li>\n\n\n\n<li>olje za motor<\/li>\n\n\n\n<li>vre\u010da VAUDE (ali podobna, top case&#8230;), elastike za zapenjanje&#8230;<\/li>\n\n\n\n<li>polnilec za GSM telefon za priklju\u010dek na tvoj motor<\/li>\n\n\n\n<li>telefonske \u0161tevilke servisov za tvoj motor ob poti (najde\u0161 jih na internetu)<\/li>\n\n\n\n<li>mre\u017ea za jakne, jih la\u017ee hitro obesi\u0161 na motor<\/li>\n\n\n\n<li>klju\u010davnica za disk (\u010de si prepri\u010dan, da jo bo\u0161 rabil)<\/li>\n\n\n\n<li>in dodatna klju\u010davnica z verigo<\/li>\n<\/ul>\n\n\n\n<h4 class=\"wp-block-heading\">Obleka za motor<\/h4>\n\n\n\n<ul class=\"wp-block-list\">\n<li>\u0161kornji<\/li>\n\n\n\n<li>za\u0161\u010ditna obleka &#8211; hla\u010de, jakna<\/li>\n\n\n\n<li>\u010delada + vizir proti rosenju + teko\u010dina proti rosenju<\/li>\n\n\n\n<li>de\u017eni pla\u0161\u010d<\/li>\n\n\n\n<li>rokavice + gumijaste rokavice za de\u017e<\/li>\n\n\n\n<li>ledvi\u010dni pas<\/li>\n\n\n\n<li>ruta<\/li>\n\n\n\n<li>klubski brezrokavnik<\/li>\n<\/ul>\n\n\n\n<h4 class=\"wp-block-heading\">Obi\u010dajna obla\u010dila<\/h4>\n\n\n\n<ul class=\"wp-block-list\">\n<li>dvojne kavbojke<\/li>\n\n\n\n<li>pasovi<\/li>\n\n\n\n<li>4 &#8211; 5 majic s kratkimi rokavi<\/li>\n\n\n\n<li>majica ali jakna z dolgimi rokavi<\/li>\n\n\n\n<li>kratke hla\u010de<\/li>\n\n\n\n<li>kopalke + brisa\u010da za pla\u017eo<\/li>\n\n\n\n<li>sandali in obi\u010dajni \u010devlji<\/li>\n\n\n\n<li>5 &#8211; 6 parov nogavic<\/li>\n\n\n\n<li>5 &#8211; 6 parov spodnjic<\/li>\n<\/ul>\n\n\n\n<h4 class=\"wp-block-heading\">Kamping oprema<\/h4>\n\n\n\n<ul class=\"wp-block-list\">\n<li>\u0161otor <\/li>\n\n\n\n<li>podlaga za spanje<\/li>\n\n\n\n<li>spalna vre\u010da<\/li>\n\n\n\n<li>svetilka<\/li>\n\n\n\n<li>sprej proti komarjem<\/li>\n\n\n\n<li>jedilni pribor &#8211; \u017elica, vilica, no\u017e (voja\u0161ki komplet)<\/li>\n\n\n\n<li>tanka vrv cca 5 m <\/li>\n\n\n\n<li>nekaj \u0161\u010dipalk <\/li>\n\n\n\n<li>\u0161otorsko krilo (za zajtrke, pokrivanje motorja&#8230;) <\/li>\n\n\n\n<li>kuhalnik s posodo<\/li>\n<\/ul>\n\n\n\n<h4 class=\"wp-block-heading\">Razno<\/h4>\n\n\n\n<ul class=\"wp-block-list\">\n<li>denar, kartice&#8230;<\/li>\n\n\n\n<li>telefon s polnilcem<\/li>\n\n\n\n<li>no\u017e z raznimi priklju\u010dki<\/li>\n\n\n\n<li>digitalni fotoaparat, kartica, torbica, stojalo, polnilec za aparat<\/li>\n\n\n\n<li>zemljevid &#8211; za tujino<\/li>\n\n\n\n<li>turisti\u010dni vodi\u010d<\/li>\n\n\n\n<li>zdravila: lekadol, mazilo pri pikih<\/li>\n\n\n\n<li>osebna zdravila, itd&#8230;<\/li>\n\n\n\n<li>olje za son\u010denje in po njem<\/li>\n\n\n\n<li>prva pomo\u010d &#8211; obli\u017ei, itd&#8230;<\/li>\n\n\n\n<li>\u0161ivalni pribor &#8211; minimalen (hotelski)<\/li>\n\n\n\n<li>toaletni papir &#8211; papirnati rob\u010dki<\/li>\n\n\n\n<li>naslovi prijateljev za razglednice<\/li>\n\n\n\n<li>svin\u010dnik, papir &#8211; blok<\/li>\n\n\n\n<li>pralni pra\u0161ek v minimalni embala\u017ei<\/li>\n\n\n\n<li>tisto kar kupi\u0161 na \u010drpalkah in ni za motor (rabi\u0161 pa pono\u010di s sopotnico)<\/li>\n<\/ul>\n\n\n\n<div style=\"height:30px\" aria-hidden=\"true\" class=\"wp-block-spacer\"><\/div>\n\n\n\n<hr class=\"wp-block-separator has-alpha-channel-opacity\"\/>\n\n\n<div class=\"wp-block-image\">\n<figure class=\"aligncenter size-full is-resized\"><img loading=\"lazy\" decoding=\"async\" src=\"https:\/\/mkravne.si\/wp-content\/uploads\/2023\/03\/logo.gif\" alt=\"\" class=\"wp-image-17\" width=\"75\" height=\"75\"\/><\/figure>\n<\/div>","protected":false},"excerpt":{"rendered":"<p>Dokumenti Dokumenti za tujino Oprema za motor Obleka za motor Obi\u010dajna obla\u010dila Kamping oprema Razno<\/p>\n","protected":false},"author":1,"featured_media":0,"parent":0,"menu_order":0,"comment_status":"closed","ping_status":"closed","template":"","meta":{"footnotes":""},"class_list":["post-1431","page","type-page","status-publish","hentry"],"_links":{"self":[{"href":"https:\/\/mkravne.si\/index.php?rest_route=\/wp\/v2\/pages\/1431","targetHints":{"allow":["GET"]}}],"collection":[{"href":"https:\/\/mkravne.si\/index.php?rest_route=\/wp\/v2\/pages"}],"about":[{"href":"https:\/\/mkravne.si\/index.php?rest_route=\/wp\/v2\/types\/page"}],"author":[{"embeddable":true,"href":"https:\/\/mkravne.si\/index.php?rest_route=\/wp\/v2\/users\/1"}],"replies":[{"embeddable":true,"href":"https:\/\/mkravne.si\/index.php?rest_route=%2Fwp%2Fv2%2Fcomments&post=1431"}],"version-history":[{"count":6,"href":"https:\/\/mkravne.si\/index.php?rest_route=\/wp\/v2\/pages\/1431\/revisions"}],"predecessor-version":[{"id":1460,"href":"https:\/\/mkravne.si\/index.php?rest_route=\/wp\/v2\/pages\/1431\/revisions\/1460"}],"wp:attachment":[{"href":"https:\/\/mkravne.si\/index.php?rest_route=%2Fwp%2Fv2%2Fmedia&parent=1431"}],"curies":[{"name":"wp","href":"https:\/\/api.w.org\/{rel}","templated":true}]}}